{"id":29,"date":"2022-03-01T18:24:26","date_gmt":"2022-03-01T21:24:26","guid":{"rendered":"http:\/\/stiv.org.br\/?page_id=29"},"modified":"2025-09-08T16:27:09","modified_gmt":"2025-09-08T19:27:09","slug":"socios","status":"publish","type":"page","link":"https:\/\/stiv.org.br\/index.php\/socios\/","title":{"rendered":"S\u00f3cios"},"content":{"rendered":"\n<p class=\"has-text-align-center\"><strong><mark style=\"background-color:#000000\" class=\"has-inline-color has-pale-cyan-blue-color\">ESTRUTURA E BENEF\u00cdCIOS<\/mark><\/strong><\/p>\n\n\n\n<p><strong>ATENDIMENTO EXCLUSIVO PARA ASSOCIADOS<\/strong><\/p>\n\n\n\n<ul class=\"wp-block-list\">\n<li>VALOR ATUAL DA MENSALIDADE:<br>R$ 43 (Quarenta reais)<br><\/li>\n\n\n\n<li>PODEM SER DEPENDENTES DO(A) TRABALHADOR(A) ASSOCIADO(A):<br>FILHOS: At\u00e9 14 anos (na data em que completa 15 anos deixa de ser dependente).<br>ESPOSA: Desde que n\u00e3o possua renda e que n\u00e3o tenha registro de emprego em carteira profissional. Precisa apresentar a Carteira de Trabalho na hora do cadastramento e renovar a depend\u00eancia a cada seis meses.<br><br>DEMAIS DEPENDENTES SOMENTE COM O TERMO DE GUARDA.<\/li>\n<\/ul>\n\n\n\n<p><strong>ATENDIMENTO ADMINISTRATIVO NA SEDE DO SINDICATO<\/strong><\/p>\n\n\n\n<ul class=\"wp-block-list\">\n<li>SECRETARIA<br>Segunda a quinta &#8211; 8h \u00e0s 11h30 e 13h \u00e0s 17h30.<br>Atendimento telef\u00f4nico a partir das 7h30 para agendamento de consultas.<\/li>\n\n\n\n<li>AMBULAT\u00d3RIO<br>Segunda a quinta &#8211; 7h \u00e0s 11h30 e 13h \u00e0s 17h30.<\/li>\n\n\n\n<li>ESTACIONAMENTO<br>Exclusivo para atendimento dos associados na sede.<br>Segunda a sexta &#8211; 7h \u00e0s 18h.<\/li>\n\n\n\n<li>PARQUINHO<br>(nos fundos da sede). No hor\u00e1rio de atendimento da sede, para filhos de associados.<\/li>\n<\/ul>\n\n\n\n<p><strong>ATENDIMENTO ODONTOL\u00d3GICO NA SEDE<\/strong><\/p>\n\n\n\n<p>DENTISTAS: Andressa Caroline Schmidt | Heide Siewerdt l Cristiane Maria Klaumann<\/p>\n\n\n\n<ul class=\"wp-block-list\">\n<li>Na sede do Sindicato est\u00e3o dispon\u00edveis tr\u00eas salas para atendimento odontol\u00f3gico.<\/li>\n\n\n\n<li>Dentistas conveniados ao Sindicato: favor verificar tabela com nome e telefone no<br>final deste informativo.<\/li>\n<\/ul>\n\n\n\n<p><strong>CRIT\u00c9RIOS PARA ATENDIMENTO<\/strong><\/p>\n\n\n\n<ul class=\"wp-block-list\">\n<li>Para marcar consulta, ligue: 3371-2614 | 3371-2322 | 3370-0363 | 3276-0375<\/li>\n\n\n\n<li>Chegar no ambulat\u00f3rio cinco minutos antes do hor\u00e1rio marcado.<\/li>\n\n\n\n<li>Apresentar a Carteira de Associado(a) e papel onde consta o hor\u00e1rio marcado.<\/li>\n\n\n\n<li>Crian\u00e7as devem sempre trazer sua escova dental e carteirinha de preven\u00e7\u00e3o.<\/li>\n\n\n\n<li>O n\u00e3o comparecimento no hor\u00e1rio agendado acarretar\u00e1 no pagamento de multa no valor de R$ 20,00 (vinte reais).<\/li>\n<\/ul>\n\n\n\n<p><strong>ATENDIMENTO M\u00c9DICO NA SEDE<\/strong><\/p>\n\n\n\n<p><\/p>\n\n\n\n<figure class=\"wp-block-table\"><table><tbody><tr><td class=\"has-text-align-center\" data-align=\"center\"><strong>ESPECIALIDADE<\/strong><\/td><td class=\"has-text-align-center\" data-align=\"center\"><strong>DIA<\/strong><\/td><td class=\"has-text-align-center\" data-align=\"center\"><strong>HORA<\/strong><\/td><\/tr><tr><td class=\"has-text-align-center\" data-align=\"center\">CL\u00cdNICO GERAL<br>Dr. Marcus EduardoM\u00fcller<\/td><td class=\"has-text-align-center\" data-align=\"center\">Segunda<br>Ter\u00e7a<br>Quarta<br>Quinta<\/td><td class=\"has-text-align-center\" data-align=\"center\">8h e 15h45<br>9h30 e 13h30<br>8h e 13h30<br>8h<\/td><\/tr><tr><td class=\"has-text-align-center\" data-align=\"center\">GINECOLOGISTA<br>Dra. Miriani Finilli<\/td><td class=\"has-text-align-center\" data-align=\"center\">Ter\u00e7a<br>Quarta<br>Quinta<\/td><td class=\"has-text-align-center\" data-align=\"center\">7h30 e 13h<br>7h30 e 13h<br>7h30 e 13h<\/td><\/tr><tr><td class=\"has-text-align-center\" data-align=\"center\">PEDIATRA<br>Dra. Ana Cec\u00edlia Mano Azevedo<\/td><td class=\"has-text-align-center\" data-align=\"center\">Segunda<br>Ter\u00e7a<br>Quarta<br>Quinta<\/td><td class=\"has-text-align-center\" data-align=\"center\">8h<\/td><\/tr><tr><td class=\"has-text-align-center\" data-align=\"center\">PEDIATRA<br>Dra. Daniela de Moura Costa Godoi<\/td><td class=\"has-text-align-center\" data-align=\"center\">Segunda<br>Ter\u00e7a<br>Quarta<br>Quinta<\/td><td class=\"has-text-align-center\" data-align=\"center\">14h30<\/td><\/tr><\/tbody><\/table><\/figure>\n\n\n\n<p>Para atendimentos m\u00e9dicos conveniados ao Sindicato: verificar tabela com nome e telefone no final deste informativo. Sobre o percentual de desconto nas consultas, ligue para o consult\u00f3rio dos profissionais.<\/p>\n\n\n\n<p><strong>AGENDAMENTO<\/strong><\/p>\n\n\n\n<p>Ligue durante o hor\u00e1rio de expediente da Secretaria.<br>Em caso de agenda cheia no dia, a consulta ser\u00e1 agendada para outra data dispon\u00edvel.<\/p>\n\n\n\n<p><strong>CRIT\u00c9RIOS PARA ATENDIMENTO<\/strong><\/p>\n\n\n\n<p>Marcar consulta SOMENTE POR TELEFONE.<br>O n\u00e3o comparecimento no hor\u00e1rio agendado acarretar\u00e1 no pagamento de multa no valor de R$ 50,00 (cinquenta reais).<\/p>\n\n\n\n<p><strong>ATENDIMENTO JUR\u00cdDICO<\/strong><\/p>\n\n\n\n<ul class=\"wp-block-list\">\n<li>\u00c1REA TRABALHISTA<br>Drs. Cl\u00e1udio Selhorst e Cleverson Selhorst: Atendimento no Sindicato, de 2a a 5a. Telefone 3371-8665<\/li>\n\n\n\n<li>\u00c1REA CIVIL<br>Dra. Tania Inesita Maul: Atendimento no Sindicato, 3a e 4a.<br>Fones: 3371-2614 | 3371-2322 | 3370-0363 | 3276-0375 | 99973-8975<\/li>\n<\/ul>\n\n\n\n<p><strong>ATENDIMENTO NO CABELEIREIRO<\/strong><\/p>\n\n\n\n<ul class=\"wp-block-list\">\n<li>Profissional Dudu e sua equipe atendem na sala anexa \u00e0 sede do Sindicato, de 3a a s\u00e1bado.<br>Associados t\u00eam desconto no corte de cabelo. Fone 47-99652-2222<\/li>\n<\/ul>\n\n\n\n<p><strong>ALUGUEL DE ESPA\u00c7O PARA FESTA NA SEDE<\/strong><\/p>\n\n\n\n<ul class=\"wp-block-list\">\n<li>Ligue para a sede do Sindicato, fones 3371-2614 | 3371-2322 | 3370-0363 | 3276-0375<\/li>\n<\/ul>\n\n\n\n<p><strong>TELEFONES \u00daTEIS STIV<\/strong><\/p>\n\n\n\n<figure class=\"wp-block-table\"><table><tbody><tr><td>Sindicato dos Trabalhadores do Vestu\u00e1rio<\/td><td>3371-2614<br>3371-2322<br>3370-0363<br>3276-0375<\/td><\/tr><tr><td>Dudu Cabeleireiros<\/td><td>99652-2222<\/td><\/tr><tr><td>Farm\u00e1cia dos Sindicatos<\/td><td>3275-0874<\/td><\/tr><tr><td>Jur\u00eddico: Drs. Cl\u00e1udio e Cleverson Selhorst<\/td><td>3371-8665<\/td><\/tr><tr><td>Dra. T\u00e2nia Inesita Maul<\/td><td>3371-2614<br>3371-2322<br>3370-0363 <br>3276-0375 <br>99973-8975<\/td><\/tr><tr><td>Loca\u00e7\u00e3o para festas na sede do STIV<\/td><td>3371-2614<br>3371-2322<br>3370-0363<br>3276-0375<\/td><\/tr><\/tbody><\/table><\/figure>\n\n\n\n<p class=\"has-text-align-center\"><strong><mark style=\"background-color:#000000\" class=\"has-inline-color has-background-color\">CONV\u00caNIOS<\/mark><\/strong><\/p>\n\n\n\n<p><strong>LABORAT\u00d3RIOS CONVENIADOS COM O SINDICATO<\/strong><\/p>\n\n\n\n<p>Pre\u00e7o de tabela conforme o Conv\u00eanio firmado entre o Sindicato e o Laborat\u00f3rio<\/p>\n\n\n\n<figure class=\"wp-block-table\"><table><tbody><tr><td>Laborat\u00f3rio Antelos<\/td><td>Centro &#8211; Jaragu\u00e1 do Sul<\/td><td>3371-8700<\/td><\/tr><tr><td>Laborat\u00f3rio Antelos<\/td><td>Barra do Rio Cerro &#8211; Jgu\u00e1 Sul<\/td><td>3054-4606<\/td><\/tr><tr><td>Laborat\u00f3rio Antelos<\/td><td>Corup\u00e1<\/td><td>3375-3594<\/td><\/tr><tr><td>Laborat\u00f3rio Fleming<\/td><td>Centro &#8211; Jaragu\u00e1 do Sul<\/td><td>3275-2755<\/td><\/tr><tr><td>Laborat\u00f3rio Laborsad<\/td><td>Schroeder<\/td><td>3374-1669<\/td><\/tr><tr><td>Laborat\u00f3rio Laborsad<\/td><td>Guaramirim<\/td><td>3373-0385<\/td><\/tr><tr><td>LM Laborat\u00f3rio<\/td><td>Schroeder<\/td><td>3374-2165<\/td><\/tr><tr><td>Laborat\u00f3rio St\u00aa Helena<\/td><td>Centro &#8211; Jaragu\u00e1 do Sul<\/td><td>3371-7011<\/td><\/tr><tr><td>Laborat. Corupaense<\/td><td>Centro &#8211; Corup\u00e1<\/td><td>3375-1290\/99240-4420<\/td><\/tr><\/tbody><\/table><\/figure>\n\n\n\n<p><strong>EXAMES DE RAIO-X E IMAGEM CONVENIADOS COM O SINDICATO<\/strong><\/p>\n\n\n\n<p>Favor verificar o percentual de desconto junto aos Centros de Imagem:<\/p>\n\n\n\n<figure class=\"wp-block-table\"><table class=\"has-fixed-layout\"><tbody><tr><td>Allus<\/td><td>3055-2664 \/ 3054-4882<\/td><\/tr><tr><td>Centro de Imagem II<\/td><td>3371-8776<\/td><\/tr><tr><td>Centro de Imagem Hospital S\u00e3o Jos\u00e9<\/td><td>3274-5000 \/ 3274-5050<\/td><\/tr><tr><td>Lira Imagem<\/td><td>99196-2485 (WhatsApp)<\/td><\/tr><tr><td>Centro de Imagem Hospital Jaragu\u00e1<\/td><td>3371-8776 &#8211; Ramal 216<\/td><\/tr><\/tbody><\/table><\/figure>\n\n\n\n<p><strong>FARM\u00c1CIA<\/strong><\/p>\n\n\n\n<p>Desconto de 30% pago pelas empresas exclusivamente para associados ao Sindicato, extensivo aos dependentes que constam na Carteira de Associado(a), exceto trabalhadores em empresas sediadas em Massaranduba. <\/p>\n\n\n\n<p>Medicamentos somente poder\u00e3o ser comprados em farm\u00e1cias conveniadas com a empresa. Caso a empresa n\u00e3o tenha conv\u00eanio com nenhuma farm\u00e1cia, dever\u00e1 ressarcir o associado no prazo m\u00e1ximo de 10 dias. Neste caso, o associado dever\u00e1 apresentar a receita m\u00e9dica e respectivo cupom fiscal da compra.<\/p>\n\n\n\n<p><strong>OUTROS CONV\u00caNIOS<\/strong><\/p>\n\n\n\n<p><strong>M\u00c9DICOS CONVENIADOS COM O SINDICATO<\/strong><\/p>\n\n\n\n<figure class=\"wp-block-image size-full\"><img fetchpriority=\"high\" decoding=\"async\" width=\"514\" height=\"692\" src=\"https:\/\/stiv.org.br\/wp-content\/uploads\/2025\/03\/image.png\" alt=\"\" class=\"wp-image-583\" srcset=\"https:\/\/stiv.org.br\/wp-content\/uploads\/2025\/03\/image.png 514w, https:\/\/stiv.org.br\/wp-content\/uploads\/2025\/03\/image-223x300.png 223w\" sizes=\"(max-width: 514px) 100vw, 514px\" \/><\/figure>\n\n\n\n<figure class=\"wp-block-image size-full\"><img decoding=\"async\" width=\"513\" height=\"706\" src=\"https:\/\/stiv.org.br\/wp-content\/uploads\/2025\/03\/image-1.png\" alt=\"\" class=\"wp-image-584\" srcset=\"https:\/\/stiv.org.br\/wp-content\/uploads\/2025\/03\/image-1.png 513w, https:\/\/stiv.org.br\/wp-content\/uploads\/2025\/03\/image-1-218x300.png 218w\" sizes=\"(max-width: 513px) 100vw, 513px\" \/><\/figure>\n\n\n\n<p>Francine Murara &#8211; Psic\u00f3loga<br>CRP &#8211; 12\/12514<\/p>\n\n\n\n<p>Rua Pres. Epit\u00e1cio Pessoa, 570<br>Sala 111 &#8211; Centro &#8211; Jaragu\u00e1 do Sul<br>Fone\/Whatsapp:&nbsp;(47)&nbsp;98815-8638<\/p>\n\n\n\n<p><strong>DENTISTAS\/ESPECIALIDADES<\/strong><\/p>\n\n\n\n<figure class=\"wp-block-image size-full\"><img decoding=\"async\" width=\"595\" height=\"749\" src=\"https:\/\/stiv.org.br\/wp-content\/uploads\/2025\/03\/image-2.png\" alt=\"\" class=\"wp-image-585\" srcset=\"https:\/\/stiv.org.br\/wp-content\/uploads\/2025\/03\/image-2.png 595w, https:\/\/stiv.org.br\/wp-content\/uploads\/2025\/03\/image-2-238x300.png 238w\" sizes=\"(max-width: 595px) 100vw, 595px\" \/><\/figure>\n\n\n\n<p><strong>CONV\u00caNIOS DIVERSOS<\/strong><br><strong>PROFESSORA DE INGL\u00caS:<\/strong> Pollyana Fontana<br>Ingl\u00eas para o infantil em geral, crian\u00e7as, adolescentes e adultos. 99234-5030.<\/p>\n\n\n\n<p><strong>FICHA DE SINDICALIZA\u00c7\u00c3O<\/strong><\/p>\n\n\n\n<figure class=\"wp-block-image size-large\"><img loading=\"lazy\" decoding=\"async\" width=\"724\" height=\"1024\" src=\"https:\/\/stiv.org.br\/wp-content\/uploads\/2024\/02\/image-1-724x1024.png\" alt=\"\" class=\"wp-image-372\" srcset=\"https:\/\/stiv.org.br\/wp-content\/uploads\/2024\/02\/image-1-724x1024.png 724w, https:\/\/stiv.org.br\/wp-content\/uploads\/2024\/02\/image-1-212x300.png 212w, https:\/\/stiv.org.br\/wp-content\/uploads\/2024\/02\/image-1-768x1086.png 768w, https:\/\/stiv.org.br\/wp-content\/uploads\/2024\/02\/image-1.png 993w\" sizes=\"(max-width: 724px) 100vw, 724px\" \/><\/figure>\n\n\n\n<p><\/p>\n","protected":false},"excerpt":{"rendered":"<p>ESTRUTURA E BENEF\u00cdCIOS ATENDIMENTO EXCLUSIVO PARA ASSOCIADOS ATENDIMENTO ADMINISTRATIVO NA SEDE DO SINDICATO ATENDIMENTO ODONTOL\u00d3GICO NA SEDE DENTISTAS: Andressa Caroline Schmidt | Heide Siewerdt l Cristiane Maria Klaumann CRIT\u00c9RIOS PARA &#8230;<\/p>\n","protected":false},"author":1,"featured_media":0,"parent":0,"menu_order":0,"comment_status":"closed","ping_status":"closed","template":"","meta":{"footnotes":""},"class_list":["post-29","page","type-page","status-publish","hentry"],"_links":{"self":[{"href":"https:\/\/stiv.org.br\/index.php\/wp-json\/wp\/v2\/pages\/29","targetHints":{"allow":["GET"]}}],"collection":[{"href":"https:\/\/stiv.org.br\/index.php\/wp-json\/wp\/v2\/pages"}],"about":[{"href":"https:\/\/stiv.org.br\/index.php\/wp-json\/wp\/v2\/types\/page"}],"author":[{"embeddable":true,"href":"https:\/\/stiv.org.br\/index.php\/wp-json\/wp\/v2\/users\/1"}],"replies":[{"embeddable":true,"href":"https:\/\/stiv.org.br\/index.php\/wp-json\/wp\/v2\/comments?post=29"}],"version-history":[{"count":16,"href":"https:\/\/stiv.org.br\/index.php\/wp-json\/wp\/v2\/pages\/29\/revisions"}],"predecessor-version":[{"id":762,"href":"https:\/\/stiv.org.br\/index.php\/wp-json\/wp\/v2\/pages\/29\/revisions\/762"}],"wp:attachment":[{"href":"https:\/\/stiv.org.br\/index.php\/wp-json\/wp\/v2\/media?parent=29"}],"curies":[{"name":"wp","href":"https:\/\/api.w.org\/{rel}","templated":true}]}}